{"id":4085,"date":"2024-02-14T21:51:40","date_gmt":"2024-02-14T21:51:40","guid":{"rendered":"https:\/\/sanpedro.avanta.mx\/?page_id=4085"},"modified":"2024-04-04T19:38:14","modified_gmt":"2024-04-04T19:38:14","slug":"el-chilaquero","status":"publish","type":"page","link":"https:\/\/sanpedro.avanta.mx\/index.php\/el-chilaquero\/","title":{"rendered":"El CHILAQUERO"},"content":{"rendered":"<p>&nbsp; &nbsp; &nbsp; &nbsp; &nbsp; &nbsp; &nbsp; &nbsp; &nbsp; &nbsp; &nbsp; &nbsp; &nbsp; &nbsp; &nbsp; &nbsp; &nbsp; &nbsp; &nbsp; &nbsp; &nbsp; &nbsp; &nbsp; &nbsp; &nbsp; &nbsp; &nbsp; &nbsp; &nbsp; &nbsp; &nbsp; &nbsp; &nbsp; &nbsp; &nbsp; &nbsp; &nbsp; &nbsp; &nbsp; &nbsp; &nbsp; &nbsp; &nbsp; &nbsp; &nbsp; &nbsp; &nbsp; &nbsp; &nbsp; &nbsp; &nbsp; &nbsp; &nbsp; &nbsp; &nbsp; &nbsp; &nbsp; &nbsp; &nbsp; &nbsp; &nbsp; &nbsp; &nbsp; &nbsp; &nbsp;<\/p>\n<p><img class=\"lazyload  wp-image-4095 alignleft\" data-original=\"https:\/\/sanpedro.avanta.mx\/wp-content\/uploads\/2024\/04\/420025158_1436801760261012_8489427536980777732_n.jpg\" alt=\"\" width=\"239\" height=\"239\"><img class=\"lazyload  wp-image-4096 alignleft\" data-original=\"https:\/\/sanpedro.avanta.mx\/wp-content\/uploads\/2024\/04\/425657580_18012548453481947_169683431300919131_n-240x300.jpg\" alt=\"\" width=\"189\" height=\"236\"><\/p>\n<p style=\"padding-left: 480px;\">Restaurante de comida mexicana, en donde podr\u00e1s disfrutar de unos deliciosos Chilaquiles, Taquitos de birria, molletes con chicharr\u00f3n y mucho m\u00e1s.&nbsp;<br \/>\n&nbsp;<\/p>\n<ul>\n<li>Instagram<\/li>\n<li>&nbsp;<\/li>\n<\/ul>\n","protected":false},"excerpt":{"rendered":"<p>&nbsp; &nbsp; &nbsp; &nbsp; &nbsp; &nbsp; &nbsp; &nbsp; &nbsp; &nbsp; &nbsp; &nbsp; &nbsp; &nbsp; &nbsp; &nbsp; &nbsp; &nbsp; &nbsp; &nbsp; &nbsp; &nbsp; &nbsp; &nbsp; &nbsp;&hellip;<\/p>\n<p><a href=\"https:\/\/sanpedro.avanta.mx\/index.php\/el-chilaquero\/\" class=\"more-link post-excerpt-readmore\"><span class=\"more-link-inner\">Read more<\/span><span class=\"more-link-brd\"><\/span><\/a><\/p>\n","protected":false},"author":2,"featured_media":0,"parent":0,"menu_order":0,"comment_status":"closed","ping_status":"closed","template":"","meta":{"ngg_post_thumbnail":0,"_EventAllDay":false,"_EventTimezone":"","_EventStartDate":"","_EventEndDate":"","_EventStartDateUTC":"","_EventEndDateUTC":"","_EventShowMap":false,"_EventShowMapLink":false,"_EventURL":"","_EventCost":"","_EventCostDescription":"","_EventCurrencySymbol":"","_EventCurrencyCode":"","_EventCurrencyPosition":"","_EventDateTimeSeparator":"","_EventTimeRangeSeparator":"","_EventOrganizerID":[],"_EventVenueID":[],"_OrganizerEmail":"","_OrganizerPhone":"","_OrganizerWebsite":"","_VenueAddress":"","_VenueCity":"","_VenueCountry":"","_VenueProvince":"","_VenueState":"","_VenueZip":"","_VenuePhone":"","_VenueURL":"","_VenueStateProvince":"","_VenueLat":"","_VenueLng":"","_VenueShowMap":false,"_VenueShowMapLink":false,"footnotes":""},"class_list":["post-4085","page","type-page","status-publish","hentry"],"_links":{"self":[{"href":"https:\/\/sanpedro.avanta.mx\/index.php\/wp-json\/wp\/v2\/pages\/4085","targetHints":{"allow":["GET"]}}],"collection":[{"href":"https:\/\/sanpedro.avanta.mx\/index.php\/wp-json\/wp\/v2\/pages"}],"about":[{"href":"https:\/\/sanpedro.avanta.mx\/index.php\/wp-json\/wp\/v2\/types\/page"}],"author":[{"embeddable":true,"href":"https:\/\/sanpedro.avanta.mx\/index.php\/wp-json\/wp\/v2\/users\/2"}],"replies":[{"embeddable":true,"href":"https:\/\/sanpedro.avanta.mx\/index.php\/wp-json\/wp\/v2\/comments?post=4085"}],"version-history":[{"count":4,"href":"https:\/\/sanpedro.avanta.mx\/index.php\/wp-json\/wp\/v2\/pages\/4085\/revisions"}],"predecessor-version":[{"id":4097,"href":"https:\/\/sanpedro.avanta.mx\/index.php\/wp-json\/wp\/v2\/pages\/4085\/revisions\/4097"}],"wp:attachment":[{"href":"https:\/\/sanpedro.avanta.mx\/index.php\/wp-json\/wp\/v2\/media?parent=4085"}],"curies":[{"name":"wp","href":"https:\/\/api.w.org\/{rel}","templated":true}]}}