{"id":85,"date":"2014-12-02T15:58:37","date_gmt":"2014-12-02T15:58:37","guid":{"rendered":"http:\/\/demo.olevmedia.net\/amax\/?page_id=85"},"modified":"2025-09-03T00:13:43","modified_gmt":"2025-09-03T00:13:43","slug":"homepage-main","status":"publish","type":"page","link":"https:\/\/sanpedro.avanta.mx\/","title":{"rendered":"HOME"},"content":{"rendered":"<p>[vc_row full_width=&#8221;stretch_row&#8221; fancy_edge=&#8221;corner_down&#8221; fancy_edge_t_color=&#8221;#ffffff&#8221; padding_top=&#8221;20&#8243; padding_bottom=&#8221;20&#8243; css_animation_delay=&#8221;50&#8243; font_color=&#8221;#fff9f9&#8243; bg_color=&#8221;#9aba39&#8243;][vc_column css_animation=&#8221;none&#8221; width=&#8221;1\/4&#8243; css=&#8221;.vc_custom_1707511775307{background-color: #9aba39 !important;}&#8221;][\/vc_column][vc_column width=&#8221;1\/2&#8243; css=&#8221;.vc_custom_1707511748178{background-color: #9aba39 !important;}&#8221;][vc_row_inner css_animation=&#8221;top-to-bottom&#8221; css_animation_delay=&#8221;200&#8243; css=&#8221;.vc_custom_1430215837473{margin-top: 100px !important;margin-bottom: 100px !important;}&#8221;][vc_column_inner][vc_single_image image=&#8221;2395&#8243; alignment=&#8221;center&#8221; css_animation=&#8221;fadeInUp&#8221;][\/vc_column_inner][\/vc_row_inner][\/vc_column][vc_column width=&#8221;1\/4&#8243; css=&#8221;.vc_custom_1707511843617{background-color: #9aba39 !important;}&#8221;][\/vc_column][\/vc_row][vc_row full_width=&#8221;stretch_row_content&#8221; content_placement=&#8221;middle&#8221; bg_color=&#8221;#ffffff&#8221;][vc_column][vc_empty_space height=&#8221;70px&#8221;][vc_images_carousel images=&#8221;4038,4040,4043,4039,4041,4042,4044&#8243; img_size=&#8221;full&#8221; onclick=&#8221;link_no&#8221; speed=&#8221;2000&#8243; slides_per_view=&#8221;3&#8243; autoplay=&#8221;yes&#8221; hide_pagination_control=&#8221;yes&#8221; wrap=&#8221;yes&#8221; css_animation=&#8221;slideInUp&#8221;][\/vc_column][\/vc_row][vc_row font_color=&#8221;#595959&#8243; padding_top=&#8221;120&#8243; padding_bottom=&#8221;120&#8243; bg_color=&#8221;#ffffff&#8221;][vc_column width=&#8221;1\/3&#8243;][om_click_icon_box icon_fontawesome=&#8221;fa fa-cutlery&#8221; icon=&#8221;fa-html5&#8243; title=&#8221;\u00a1A comer!&#8221; link=&#8221;url:https%3A%2F%2Fsanpedro.avanta.mx%2Findex.php%2Fportfolio-type%2Ftasty-delicious|title:RESTAURANTES||&#8221;][\/om_click_icon_box][vc_column_text]<\/p>\n<p style=\"text-align: center;\">Sushi, Alitas, Hamburguesas, Carne Asada, Snacks&#8230; \u00a1tenemos todo para todos los antojos!<\/p>\n<p>[\/vc_column_text][\/vc_column][vc_column width=&#8221;1\/3&#8243;][om_click_icon_box icon_type=&#8221;entypo&#8221; icon=&#8221;fa-thumbs-o-up&#8221; title=&#8221;Shopping &amp; Fun&#8221; link=&#8221;url:https%3A%2F%2Fsanpedro.avanta.mx%2Findex.php%2Fportfolio-type%2Fshopping-fun%2F|||&#8221; icon_entypo=&#8221;entypo-icon entypo-icon-bag&#8221;][\/om_click_icon_box][vc_column_text]<\/p>\n<p style=\"text-align: center;\">El regalo m\u00e1s especial y la diversi\u00f3n para toda la familia est\u00e1 en Avanta. Conoce nuestras tiendas y amenidades.<\/p>\n<p>[\/vc_column_text][\/vc_column][vc_column width=&#8221;1\/3&#8243;][om_click_icon_box icon_fontawesome=&#8221;fa fa-heart&#8221; icon=&#8221;fa-thumbs-o-up&#8221; title=&#8221;Fitness &amp; Self Care&#8221; link=&#8221;url:https%3A%2F%2Fsanpedro.avanta.mx%2Findex.php%2Fportfolio-type%2Ffitness-beauty-care%2F|||&#8221;][\/om_click_icon_box][vc_column_text]<\/p>\n<p style=\"text-align: center;\">Cuida y consiente a tu cuerpo con nuestro gimnasio y todos los servicios de belleza que ofrecemos.<\/p>\n<p>[\/vc_column_text][\/vc_column][\/vc_row][vc_row full_width=&#8221;stretch_row&#8221; content_placement=&#8221;top&#8221; css_animation=&#8221;none&#8221; bg_type=&#8221;image&#8221; bg_image_pos=&#8221;cover&#8221; bg_image_att=&#8221;parallax&#8221; bg_image=&#8221;3658&#8243;][vc_column][\/vc_column][\/vc_row][vc_row full_width=&#8221;stretch_row_content_no_spaces&#8221; content_placement=&#8221;middle&#8221; css_animation=&#8221;slideInUp&#8221;][vc_column][\/vc_column][\/vc_row][vc_row bg_color=&#8221;#ffffff&#8221;][vc_column][vc_empty_space height=&#8221;50px&#8221;][vc_column_text css_animation=&#8221;flipInX&#8221;]<\/p>\n<h1 style=\"text-align: center;\">NUESTRAS MARCAS<\/h1>\n<p>[\/vc_column_text][\/vc_column][\/vc_row][vc_row full_width=&#8221;stretch_row_content_no_spaces&#8221; padding_top=&#8221;0&#8243; padding_bottom=&#8221;0&#8243; bg_color=&#8221;#ffffff&#8221; css_animation_delay=&#8221;1000&#8243;][vc_column css_animation_delay=&#8221;300&#8243;][om_portfolio layout=&#8221;masonry&#8221; preview_layout=&#8221;full-hover-2&#8243; margins=&#8221;none&#8221; count=&#8221;30&#8243; hires=&#8221;yes&#8221; sort=&#8221;custom&#8221; category=&#8221;0&#8243; ids=&#8221;3661,189,181,177,2504,2502,184,188,2501,3488,179,2503,3705,3485,2500,3487,2510,2511,2538,2506,2507&#8243;][\/vc_column][\/vc_row][vc_row full_width=&#8221;stretch_row_content_no_spaces&#8221; padding_top=&#8221;0&#8243; padding_bottom=&#8221;0&#8243; bg_color=&#8221;#ffffff&#8221; css_animation_delay=&#8221;1000&#8243;][vc_column css_animation_delay=&#8221;300&#8243;][om_portfolio layout=&#8221;masonry&#8221; preview_layout=&#8221;full-hover-2&#8243; margins=&#8221;none&#8221; count=&#8221;30&#8243; hires=&#8221;yes&#8221; sort=&#8221;custom&#8221; category=&#8221;0&#8243; ids=&#8221;3661,189,181,177,2504,2502,184,188,2501,3488,179,2503,3705,3485,2500,3487,2510,2511,2538,2506,2507&#8243;][\/vc_column][\/vc_row][vc_row full_width=&#8221;stretch_row_content_no_spaces&#8221; padding_top=&#8221;0&#8243; padding_bottom=&#8221;0&#8243; bg_color=&#8221;#ffffff&#8221; css_animation_delay=&#8221;1000&#8243;][vc_column css_animation_delay=&#8221;300&#8243;][om_portfolio layout=&#8221;masonry&#8221; preview_layout=&#8221;full-hover-2&#8243; margins=&#8221;none&#8221; count=&#8221;30&#8243; hires=&#8221;yes&#8221; sort=&#8221;custom&#8221; category=&#8221;0&#8243; ids=&#8221;3661,189,181,177,2504,2502,184,188,2501,3488,179,2503,3705,3485,2500,3487,2510,2511,2538,2506,2507&#8243;][\/vc_column][\/vc_row][vc_row full_width=&#8221;stretch_row_content_no_spaces&#8221; padding_top=&#8221;0&#8243; padding_bottom=&#8221;0&#8243; bg_color=&#8221;#ffffff&#8221; css_animation_delay=&#8221;1000&#8243;][vc_column css_animation_delay=&#8221;300&#8243;][om_portfolio layout=&#8221;masonry&#8221; preview_layout=&#8221;full-hover-2&#8243; margins=&#8221;none&#8221; count=&#8221;30&#8243; hires=&#8221;yes&#8221; sort=&#8221;custom&#8221; category=&#8221;0&#8243; ids=&#8221;3661,189,181,177,2504,2502,184,188,2501,3488,179,2503,3705,3485,2500,3487,2510,2511,2538,2506,2507&#8243;][\/vc_column][\/vc_row][vc_row bg_color=&#8221;#ffffff&#8221;][vc_column][vc_empty_space height=&#8221;50px&#8221;][\/vc_column][\/vc_row][vc_row font_color=&#8221;#595959&#8243; padding_top=&#8221;120&#8243; padding_bottom=&#8221;120&#8243; bg_color=&#8221;#ffffff&#8221;][vc_column width=&#8221;1\/2&#8243;][om_click_icon_box icon_type=&#8221;openiconic&#8221; icon_openiconic=&#8221;vc-oi vc-oi-location&#8221; title=&#8221;Ubicaci\u00f3n&#8221;][\/om_click_icon_box][vc_column_text]<\/p>\n<p style=\"text-align: center;\">Avenida Jos\u00e9 Vasconcelos 755, Del Valle, 66220 San Pedro Garza Garc\u00eda, N.L.<\/p>\n<p style=\"text-align: center;\"><a href=\"https:\/\/goo.gl\/maps\/M1SSiE38hGDqJRQF7\">C\u00f3mo llegar<\/a><\/p>\n<p>[\/vc_column_text][\/vc_column][vc_column width=&#8221;1\/2&#8243;][om_click_icon_box icon_fontawesome=&#8221;fa fa-envelope-open&#8221; icon=&#8221;fa-thumbs-o-up&#8221; title=&#8221;Contacto&#8221; link=&#8221;url:mailto%3Ainfo%40avanta.mx|||&#8221;][\/om_click_icon_box][vc_column_text]<\/p>\n<p style=\"text-align: center;\">\u00bfTe interesa conocer m\u00e1s sobre nuestros espacios, o tienes una consulta especial?<\/p>\n<p style=\"text-align: center;\"><a href=\"mailto:info@avanta.mx\">\u00a1Cont\u00e1ctanos!<\/a><\/p>\n<p>[\/vc_column_text][\/vc_column][\/vc_row][vc_row][vc_column][\/vc_column][\/vc_row][vc_row][vc_column][\/vc_column][\/vc_row][vc_section][\/vc_section]<\/p>\n","protected":false},"excerpt":{"rendered":"<p>[vc_row full_width=&#8221;stretch_row&#8221; fancy_edge=&#8221;corner_down&#8221; fancy_edge_t_color=&#8221;#ffffff&#8221; padding_top=&#8221;20&#8243; padding_bottom=&#8221;20&#8243; css_animation_delay=&#8221;50&#8243; font_color=&#8221;#fff9f9&#8243; bg_color=&#8221;#9aba39&#8243;][vc_column css_animation=&#8221;none&#8221; width=&#8221;1\/4&#8243; css=&#8221;.vc_custom_1707511775307{background-color: #9aba39 !important;}&#8221;][\/vc_column][vc_column width=&#8221;1\/2&#8243; css=&#8221;.vc_custom_1707511748178{background-color: #9aba39 !important;}&#8221;][vc_row_inner css_animation=&#8221;top-to-bottom&#8221; css_animation_delay=&#8221;200&#8243; css=&#8221;.vc_custom_1430215837473{margin-top: 100px !important;margin-bottom: 100px !important;}&#8221;][vc_column_inner][vc_single_image&hellip;<\/p>\n<p><a href=\"https:\/\/sanpedro.avanta.mx\/\" class=\"more-link post-excerpt-readmore\"><span class=\"more-link-inner\">Read more<\/span><span class=\"more-link-brd\"><\/span><\/a><\/p>\n","protected":false},"author":2,"featured_media":0,"parent":0,"menu_order":0,"comment_status":"open","ping_status":"open","template":"","meta":{"ngg_post_thumbnail":0,"_EventAllDay":false,"_EventTimezone":"","_EventStartDate":"","_EventEndDate":"","_EventStartDateUTC":"","_EventEndDateUTC":"","_EventShowMap":false,"_EventShowMapLink":false,"_EventURL":"","_EventCost":"","_EventCostDescription":"","_EventCurrencySymbol":"","_EventCurrencyCode":"","_EventCurrencyPosition":"","_EventDateTimeSeparator":"","_EventTimeRangeSeparator":"","_EventOrganizerID":[],"_EventVenueID":[],"_OrganizerEmail":"","_OrganizerPhone":"","_OrganizerWebsite":"","_VenueAddress":"","_VenueCity":"","_VenueCountry":"","_VenueProvince":"","_VenueState":"","_VenueZip":"","_VenuePhone":"","_VenueURL":"","_VenueStateProvince":"","_VenueLat":"","_VenueLng":"","_VenueShowMap":false,"_VenueShowMapLink":false,"footnotes":""},"class_list":["post-85","page","type-page","status-publish","hentry"],"_links":{"self":[{"href":"https:\/\/sanpedro.avanta.mx\/index.php\/wp-json\/wp\/v2\/pages\/85","targetHints":{"allow":["GET"]}}],"collection":[{"href":"https:\/\/sanpedro.avanta.mx\/index.php\/wp-json\/wp\/v2\/pages"}],"about":[{"href":"https:\/\/sanpedro.avanta.mx\/index.php\/wp-json\/wp\/v2\/types\/page"}],"author":[{"embeddable":true,"href":"https:\/\/sanpedro.avanta.mx\/index.php\/wp-json\/wp\/v2\/users\/2"}],"replies":[{"embeddable":true,"href":"https:\/\/sanpedro.avanta.mx\/index.php\/wp-json\/wp\/v2\/comments?post=85"}],"version-history":[{"count":292,"href":"https:\/\/sanpedro.avanta.mx\/index.php\/wp-json\/wp\/v2\/pages\/85\/revisions"}],"predecessor-version":[{"id":4156,"href":"https:\/\/sanpedro.avanta.mx\/index.php\/wp-json\/wp\/v2\/pages\/85\/revisions\/4156"}],"wp:attachment":[{"href":"https:\/\/sanpedro.avanta.mx\/index.php\/wp-json\/wp\/v2\/media?parent=85"}],"curies":[{"name":"wp","href":"https:\/\/api.w.org\/{rel}","templated":true}]}}